{"id":1448,"date":"2022-08-25T13:27:00","date_gmt":"2022-08-25T13:27:00","guid":{"rendered":"https:\/\/saharasun.store\/home\/"},"modified":"2024-06-03T09:53:17","modified_gmt":"2024-06-03T09:53:17","slug":"home","status":"publish","type":"page","link":"https:\/\/saharasun.store\/de\/","title":{"rendered":"Home"},"content":{"rendered":"\t\t<div data-elementor-type=\"wp-page\" data-elementor-id=\"1448\" class=\"elementor elementor-1448\">\n\t\t\t\t\t\t<section class=\"elementor-section elementor-top-section elementor-element elementor-element-0a002a8 elementor-section-height-min-height elementor-section-items-top elementor-section-boxed elementor-section-height-default\" data-id=\"0a002a8\" data-element_type=\"section\" data-settings=\"{&quot;background_background&quot;:&quot;classic&quot;}\">\n\t\t\t\t\t\t\t<div class=\"elementor-background-overlay\"><\/div>\n\t\t\t\t\t\t\t<div class=\"elementor-container elementor-column-gap-default\">\n\t\t\t\t\t<div class=\"elementor-column elementor-col-100 elementor-top-column elementor-element elementor-element-8d46742\" data-id=\"8d46742\" data-element_type=\"column\">\n\t\t\t<div class=\"elementor-widget-wrap elementor-element-populated\">\n\t\t\t\t\t\t<div class=\"elementor-element elementor-element-e39370e elementor-widget elementor-widget-spacer\" data-id=\"e39370e\" data-element_type=\"widget\" data-widget_type=\"spacer.default\">\n\t\t\t\t<div class=\"elementor-widget-container\">\n\t\t\t\t\t\t\t<div class=\"elementor-spacer\">\n\t\t\t<div class=\"elementor-spacer-inner\"><\/div>\n\t\t<\/div>\n\t\t\t\t\t\t<\/div>\n\t\t\t\t<\/div>\n\t\t\t\t<div class=\"elementor-element elementor-element-fbdc8cf elementor-widget elementor-widget-heading\" data-id=\"fbdc8cf\" data-element_type=\"widget\" data-widget_type=\"heading.default\">\n\t\t\t\t<div class=\"elementor-widget-container\">\n\t\t\t\t\t<h1 class=\"elementor-heading-title elementor-size-default\">Saharasun<\/h1>\t\t\t\t<\/div>\n\t\t\t\t<\/div>\n\t\t\t\t<div class=\"elementor-element elementor-element-47069c6 elementor-widget elementor-widget-heading\" data-id=\"47069c6\" data-element_type=\"widget\" data-widget_type=\"heading.default\">\n\t\t\t\t<div class=\"elementor-widget-container\">\n\t\t\t\t\t<h2 class=\"elementor-heading-title elementor-size-default\">nat\u00dcrliche Neem Produkte<\/h2>\t\t\t\t<\/div>\n\t\t\t\t<\/div>\n\t\t\t\t<div class=\"elementor-element elementor-element-dd8e2ac elementor-align-center elementor-widget elementor-widget-button\" data-id=\"dd8e2ac\" data-element_type=\"widget\" data-widget_type=\"button.default\">\n\t\t\t\t<div class=\"elementor-widget-container\">\n\t\t\t\t\t\t\t\t\t<div class=\"elementor-button-wrapper\">\n\t\t\t\t\t<a class=\"elementor-button elementor-button-link elementor-size-sm\" href=\"https:\/\/saharasun.store\/#Unsere-Produkte\">\n\t\t\t\t\t\t<span class=\"elementor-button-content-wrapper\">\n\t\t\t\t\t\t\t\t\t<span class=\"elementor-button-text\">Produkte<\/span>\n\t\t\t\t\t<\/span>\n\t\t\t\t\t<\/a>\n\t\t\t\t<\/div>\n\t\t\t\t\t\t\t\t<\/div>\n\t\t\t\t<\/div>\n\t\t\t\t\t<\/div>\n\t\t<\/div>\n\t\t\t\t\t<\/div>\n\t\t<\/section>\n\t\t<div class=\"elementor-element elementor-element-6b21453 e-flex e-con-boxed e-con e-parent\" data-id=\"6b21453\" data-element_type=\"container\">\n\t\t\t\t\t<div class=\"e-con-inner\">\n\t\t\t\t<div class=\"elementor-element elementor-element-afc8868 elementor-widget__width-initial elementor-widget elementor-widget-heading\" data-id=\"afc8868\" data-element_type=\"widget\" id=\"Unsere-Produkte\" data-widget_type=\"heading.default\">\n\t\t\t\t<div class=\"elementor-widget-container\">\n\t\t\t\t\t<h2 class=\"elementor-heading-title elementor-size-default\">UNSERE PRODUKTE<\/h2>\t\t\t\t<\/div>\n\t\t\t\t<\/div>\n\t\t\t\t\t<\/div>\n\t\t\t\t<\/div>\n\t\t\t\t<section class=\"elementor-section elementor-top-section elementor-element elementor-element-aff6ae1 elementor-section-boxed elementor-section-height-default elementor-section-height-default\" data-id=\"aff6ae1\" data-element_type=\"section\">\n\t\t\t\t\t\t<div class=\"elementor-container elementor-column-gap-wide\">\n\t\t\t\t\t<div class=\"elementor-column elementor-col-33 elementor-top-column elementor-element elementor-element-0b900b6\" data-id=\"0b900b6\" data-element_type=\"column\">\n\t\t\t<div class=\"elementor-widget-wrap elementor-element-populated\">\n\t\t\t\t\t\t<div class=\"elementor-element elementor-element-070d9b6 elementor-widget elementor-widget-image\" data-id=\"070d9b6\" data-element_type=\"widget\" data-widget_type=\"image.default\">\n\t\t\t\t<div class=\"elementor-widget-container\">\n\t\t\t\t\t\t\t\t\t\t\t\t\t\t\t<img fetchpriority=\"high\" decoding=\"async\" width=\"1707\" height=\"2560\" src=\"https:\/\/saharasun.store\/wp-content\/uploads\/2024\/02\/DSCF2082-min-scaled.jpg\" class=\"attachment-full size-full wp-image-1957\" alt=\"\" srcset=\"https:\/\/saharasun.store\/wp-content\/uploads\/2024\/02\/DSCF2082-min-scaled.jpg 1707w, https:\/\/saharasun.store\/wp-content\/uploads\/2024\/02\/DSCF2082-min-200x300.jpg 200w, https:\/\/saharasun.store\/wp-content\/uploads\/2024\/02\/DSCF2082-min-683x1024.jpg 683w, https:\/\/saharasun.store\/wp-content\/uploads\/2024\/02\/DSCF2082-min-768x1152.jpg 768w, https:\/\/saharasun.store\/wp-content\/uploads\/2024\/02\/DSCF2082-min-1024x1536.jpg 1024w, https:\/\/saharasun.store\/wp-content\/uploads\/2024\/02\/DSCF2082-min-1365x2048.jpg 1365w\" sizes=\"(max-width: 1707px) 100vw, 1707px\" \/>\t\t\t\t\t\t\t\t\t\t\t\t\t\t\t<\/div>\n\t\t\t\t<\/div>\n\t\t\t\t<div class=\"elementor-element elementor-element-2a170b2 elementor-widget elementor-widget-heading\" data-id=\"2a170b2\" data-element_type=\"widget\" data-widget_type=\"heading.default\">\n\t\t\t\t<div class=\"elementor-widget-container\">\n\t\t\t\t\t<h4 class=\"elementor-heading-title elementor-size-default\">Neem\u00f6l<\/h4>\t\t\t\t<\/div>\n\t\t\t\t<\/div>\n\t\t\t\t<div class=\"elementor-element elementor-element-71f5d0b elementor-widget elementor-widget-text-editor\" data-id=\"71f5d0b\" data-element_type=\"widget\" data-widget_type=\"text-editor.default\">\n\t\t\t\t<div class=\"elementor-widget-container\">\n\t\t\t\t\t\t\t\t\t<p>Kaltgepresstes Neem\u00f6l aus unserer \u00d6lwerk Pressung.<\/p>\t\t\t\t\t\t\t\t<\/div>\n\t\t\t\t<\/div>\n\t\t\t\t\t<\/div>\n\t\t<\/div>\n\t\t\t\t<div class=\"elementor-column elementor-col-33 elementor-top-column elementor-element elementor-element-9fec389\" data-id=\"9fec389\" data-element_type=\"column\">\n\t\t\t<div class=\"elementor-widget-wrap elementor-element-populated\">\n\t\t\t\t\t\t<div class=\"elementor-element elementor-element-53ab989 elementor-widget elementor-widget-image\" data-id=\"53ab989\" data-element_type=\"widget\" data-widget_type=\"image.default\">\n\t\t\t\t<div class=\"elementor-widget-container\">\n\t\t\t\t\t\t\t\t\t\t\t\t\t\t\t<img decoding=\"async\" width=\"1920\" height=\"2560\" src=\"https:\/\/saharasun.store\/wp-content\/uploads\/2024\/01\/20240117_101300-Kopie-2-scaled.jpg\" class=\"attachment-full size-full wp-image-1907\" alt=\"\" srcset=\"https:\/\/saharasun.store\/wp-content\/uploads\/2024\/01\/20240117_101300-Kopie-2-scaled.jpg 1920w, https:\/\/saharasun.store\/wp-content\/uploads\/2024\/01\/20240117_101300-Kopie-2-225x300.jpg 225w, https:\/\/saharasun.store\/wp-content\/uploads\/2024\/01\/20240117_101300-Kopie-2-768x1024.jpg 768w, https:\/\/saharasun.store\/wp-content\/uploads\/2024\/01\/20240117_101300-Kopie-2-1152x1536.jpg 1152w, https:\/\/saharasun.store\/wp-content\/uploads\/2024\/01\/20240117_101300-Kopie-2-1536x2048.jpg 1536w\" sizes=\"(max-width: 1920px) 100vw, 1920px\" \/>\t\t\t\t\t\t\t\t\t\t\t\t\t\t\t<\/div>\n\t\t\t\t<\/div>\n\t\t\t\t<div class=\"elementor-element elementor-element-4dea650 elementor-widget elementor-widget-heading\" data-id=\"4dea650\" data-element_type=\"widget\" data-widget_type=\"heading.default\">\n\t\t\t\t<div class=\"elementor-widget-container\">\n\t\t\t\t\t<h4 class=\"elementor-heading-title elementor-size-default\">Neemsaat<\/h4>\t\t\t\t<\/div>\n\t\t\t\t<\/div>\n\t\t\t\t<div class=\"elementor-element elementor-element-b5ddd55 elementor-widget elementor-widget-text-editor\" data-id=\"b5ddd55\" data-element_type=\"widget\" data-widget_type=\"text-editor.default\">\n\t\t\t\t<div class=\"elementor-widget-container\">\n\t\t\t\t\t\t\t\t\t<p>Unsere Neemsaat stammt aus einer Wildsammlung.<\/p>\t\t\t\t\t\t\t\t<\/div>\n\t\t\t\t<\/div>\n\t\t\t\t\t<\/div>\n\t\t<\/div>\n\t\t\t\t<div class=\"elementor-column elementor-col-33 elementor-top-column elementor-element elementor-element-a4b2aab\" data-id=\"a4b2aab\" data-element_type=\"column\">\n\t\t\t<div class=\"elementor-widget-wrap elementor-element-populated\">\n\t\t\t\t\t\t<div class=\"elementor-element elementor-element-83d3bf2 elementor-widget elementor-widget-image\" data-id=\"83d3bf2\" data-element_type=\"widget\" data-widget_type=\"image.default\">\n\t\t\t\t<div class=\"elementor-widget-container\">\n\t\t\t\t\t\t\t\t\t\t\t\t\t\t\t<img decoding=\"async\" width=\"1707\" height=\"2560\" src=\"https:\/\/saharasun.store\/wp-content\/uploads\/2024\/02\/DSCF2017-min-scaled.jpg\" class=\"attachment-full size-full wp-image-1961\" alt=\"\" srcset=\"https:\/\/saharasun.store\/wp-content\/uploads\/2024\/02\/DSCF2017-min-scaled.jpg 1707w, https:\/\/saharasun.store\/wp-content\/uploads\/2024\/02\/DSCF2017-min-200x300.jpg 200w, https:\/\/saharasun.store\/wp-content\/uploads\/2024\/02\/DSCF2017-min-683x1024.jpg 683w, https:\/\/saharasun.store\/wp-content\/uploads\/2024\/02\/DSCF2017-min-768x1152.jpg 768w, https:\/\/saharasun.store\/wp-content\/uploads\/2024\/02\/DSCF2017-min-1024x1536.jpg 1024w, https:\/\/saharasun.store\/wp-content\/uploads\/2024\/02\/DSCF2017-min-1365x2048.jpg 1365w\" sizes=\"(max-width: 1707px) 100vw, 1707px\" \/>\t\t\t\t\t\t\t\t\t\t\t\t\t\t\t<\/div>\n\t\t\t\t<\/div>\n\t\t\t\t<div class=\"elementor-element elementor-element-14b01c6 elementor-widget elementor-widget-heading\" data-id=\"14b01c6\" data-element_type=\"widget\" data-widget_type=\"heading.default\">\n\t\t\t\t<div class=\"elementor-widget-container\">\n\t\t\t\t\t<h4 class=\"elementor-heading-title elementor-size-default\">Neempulver<\/h4>\t\t\t\t<\/div>\n\t\t\t\t<\/div>\n\t\t\t\t<div class=\"elementor-element elementor-element-f55e44c elementor-widget elementor-widget-text-editor\" data-id=\"f55e44c\" data-element_type=\"widget\" data-widget_type=\"text-editor.default\">\n\t\t\t\t<div class=\"elementor-widget-container\">\n\t\t\t\t\t\t\t\t\t<p>Pulver mit leichtem Schrotanteil aus dem ent\u00f6lten Neemsamen.\u00a0<\/p>\t\t\t\t\t\t\t\t<\/div>\n\t\t\t\t<\/div>\n\t\t\t\t\t<\/div>\n\t\t<\/div>\n\t\t\t\t\t<\/div>\n\t\t<\/section>\n\t\t<div class=\"elementor-element elementor-element-bfb10e3 e-flex e-con-boxed e-con e-parent\" data-id=\"bfb10e3\" data-element_type=\"container\">\n\t\t\t\t\t<div class=\"e-con-inner\">\n\t\t<div class=\"elementor-element elementor-element-a672f6d e-flex e-con-boxed e-con e-child\" data-id=\"a672f6d\" data-element_type=\"container\">\n\t\t\t\t\t<div class=\"e-con-inner\">\n\t\t\t\t<div class=\"elementor-element elementor-element-62684ca elementor-widget elementor-widget-text-editor\" data-id=\"62684ca\" data-element_type=\"widget\" data-widget_type=\"text-editor.default\">\n\t\t\t\t<div class=\"elementor-widget-container\">\n\t\t\t\t\t\t\t\t\t<p>Unsere Neem Saat stammt aus einer Wildsammlung im Nordwesten Ghanas.&nbsp;<span style=\"font-style: inherit; font-weight: inherit; text-align: var(--text-align); background-color: var(--ast-global-color-5); color: var(--ast-global-color-3);\">Dort arbeiten wir gemeinsam mit einer Frauen Kooperative.&nbsp;<\/span><\/p><p>Die Saat unterliegt regelm\u00e4\u00dfig kontrollierten Qualit\u00e4tskriterien wie minimalem Feuchte \u2013 und maximalem Azadirachtin Gehalt.<\/p>\n<p>Die Saat wird mit deutschen \u00d6lwerk Pressen kalt verarbeitet.<\/p>\t\t\t\t\t\t\t\t<\/div>\n\t\t\t\t<\/div>\n\t\t\t\t\t<\/div>\n\t\t\t\t<\/div>\n\t\t\t\t\t<\/div>\n\t\t\t\t<\/div>\n\t\t<div class=\"elementor-element elementor-element-f3dc4dc e-flex e-con-boxed e-con e-parent\" data-id=\"f3dc4dc\" data-element_type=\"container\">\n\t\t\t\t\t<div class=\"e-con-inner\">\n\t\t<div class=\"elementor-element elementor-element-53e257e e-con-full e-flex e-con e-child\" data-id=\"53e257e\" data-element_type=\"container\">\n\t\t\t\t<div class=\"elementor-element elementor-element-0ecea90 elementor-widget elementor-widget-image\" data-id=\"0ecea90\" data-element_type=\"widget\" data-widget_type=\"image.default\">\n\t\t\t\t<div class=\"elementor-widget-container\">\n\t\t\t\t\t\t\t\t\t\t\t\t\t\t\t<img loading=\"lazy\" decoding=\"async\" width=\"480\" height=\"640\" src=\"https:\/\/saharasun.store\/wp-content\/uploads\/2024\/01\/Warehouse-WA-rotated.jpg\" class=\"attachment-large size-large wp-image-1923\" alt=\"\" srcset=\"https:\/\/saharasun.store\/wp-content\/uploads\/2024\/01\/Warehouse-WA-rotated.jpg 480w, https:\/\/saharasun.store\/wp-content\/uploads\/2024\/01\/Warehouse-WA-225x300.jpg 225w\" sizes=\"(max-width: 480px) 100vw, 480px\" \/>\t\t\t\t\t\t\t\t\t\t\t\t\t\t\t<\/div>\n\t\t\t\t<\/div>\n\t\t\t\t<\/div>\n\t\t<div class=\"elementor-element elementor-element-9025020 e-con-full e-flex e-con e-child\" data-id=\"9025020\" data-element_type=\"container\">\n\t\t\t\t<div class=\"elementor-element elementor-element-af804c3 elementor-widget elementor-widget-image\" data-id=\"af804c3\" data-element_type=\"widget\" data-widget_type=\"image.default\">\n\t\t\t\t<div class=\"elementor-widget-container\">\n\t\t\t\t\t\t\t\t\t\t\t\t\t\t\t<img loading=\"lazy\" decoding=\"async\" width=\"480\" height=\"640\" src=\"https:\/\/saharasun.store\/wp-content\/uploads\/2024\/01\/Wasila-Hannah-rotated.jpg\" class=\"attachment-large size-large wp-image-1926\" alt=\"\" srcset=\"https:\/\/saharasun.store\/wp-content\/uploads\/2024\/01\/Wasila-Hannah-rotated.jpg 480w, https:\/\/saharasun.store\/wp-content\/uploads\/2024\/01\/Wasila-Hannah-225x300.jpg 225w\" sizes=\"(max-width: 480px) 100vw, 480px\" \/>\t\t\t\t\t\t\t\t\t\t\t\t\t\t\t<\/div>\n\t\t\t\t<\/div>\n\t\t\t\t<\/div>\n\t\t<div class=\"elementor-element elementor-element-ba516e3 e-con-full e-flex e-con e-child\" data-id=\"ba516e3\" data-element_type=\"container\">\n\t\t\t\t<div class=\"elementor-element elementor-element-c44e786 elementor-widget elementor-widget-image\" data-id=\"c44e786\" data-element_type=\"widget\" data-widget_type=\"image.default\">\n\t\t\t\t<div class=\"elementor-widget-container\">\n\t\t\t\t\t\t\t\t\t\t\t\t\t\t\t<img loading=\"lazy\" decoding=\"async\" width=\"480\" height=\"657\" src=\"https:\/\/saharasun.store\/wp-content\/uploads\/2024\/02\/presse-2.jpg\" class=\"attachment-large size-large wp-image-1940\" alt=\"\" srcset=\"https:\/\/saharasun.store\/wp-content\/uploads\/2024\/02\/presse-2.jpg 480w, https:\/\/saharasun.store\/wp-content\/uploads\/2024\/02\/presse-2-219x300.jpg 219w\" sizes=\"(max-width: 480px) 100vw, 480px\" \/>\t\t\t\t\t\t\t\t\t\t\t\t\t\t\t<\/div>\n\t\t\t\t<\/div>\n\t\t\t\t<\/div>\n\t\t\t\t\t<\/div>\n\t\t\t\t<\/div>\n\t\t\t\t<section class=\"elementor-section elementor-top-section elementor-element elementor-element-6e2f681 elementor-section-boxed elementor-section-height-default elementor-section-height-default\" data-id=\"6e2f681\" data-element_type=\"section\" id=\"\u00dcberuns\">\n\t\t\t\t\t\t<div class=\"elementor-container elementor-column-gap-wide\">\n\t\t\t\t\t<div class=\"elementor-column elementor-col-50 elementor-top-column elementor-element elementor-element-e8c6ac4\" data-id=\"e8c6ac4\" data-element_type=\"column\">\n\t\t\t<div class=\"elementor-widget-wrap elementor-element-populated\">\n\t\t\t\t\t\t<div class=\"elementor-element elementor-element-dfec25a elementor-widget elementor-widget-heading\" data-id=\"dfec25a\" data-element_type=\"widget\" data-widget_type=\"heading.default\">\n\t\t\t\t<div class=\"elementor-widget-container\">\n\t\t\t\t\t<h2 class=\"elementor-heading-title elementor-size-default\">\u00dcBER UNS<\/h2>\t\t\t\t<\/div>\n\t\t\t\t<\/div>\n\t\t\t\t<div class=\"elementor-element elementor-element-b9d0bf1 elementor-widget__width-initial elementor-widget elementor-widget-text-editor\" data-id=\"b9d0bf1\" data-element_type=\"widget\" data-widget_type=\"text-editor.default\">\n\t\t\t\t<div class=\"elementor-widget-container\">\n\t\t\t\t\t\t\t\t\t<p><span style=\"color: #242424; font-family: 'Segoe UI', 'Segoe UI Web (West European)', 'Segoe UI', -apple-system, 'system-ui', Roboto, 'Helvetica Neue', sans-serif; font-size: 15px;\">Saharasun, ein in Ghana gegr\u00fcndetes Unternehmen, verfolgt die Vision, Frauen in l\u00e4ndlichen Gebieten durch den Export von Neem-Produkten zu st\u00e4rken und nachhaltiges Wachstum zu f\u00f6rdern. Unser deutsch-ghanaisches Team vereint umfassendes Wissen \u00fcber lokale und europ\u00e4ische M\u00e4rkte, Agribusiness-Management und nachhaltige Landwirtschaft. Gemeinsam setzen wir uns f\u00fcr einen respektvollen Umgang mit der Natur und die F\u00f6rderung der Gemeinschaft ein, mit der festen \u00dcberzeugung, dass unser Gesch\u00e4ft \u00fcber den Handel hinaus zu Fortschritt und Wirtschaftswachstum auf allen Kontinenten beitr\u00e4gt.<\/span><\/p>\t\t\t\t\t\t\t\t<\/div>\n\t\t\t\t<\/div>\n\t\t\t\t\t<\/div>\n\t\t<\/div>\n\t\t\t\t<div class=\"elementor-column elementor-col-50 elementor-top-column elementor-element elementor-element-2851bf7\" data-id=\"2851bf7\" data-element_type=\"column\">\n\t\t\t<div class=\"elementor-widget-wrap elementor-element-populated\">\n\t\t\t\t\t\t<div class=\"elementor-element elementor-element-e3897f4 elementor-widget elementor-widget-image\" data-id=\"e3897f4\" data-element_type=\"widget\" data-widget_type=\"image.default\">\n\t\t\t\t<div class=\"elementor-widget-container\">\n\t\t\t\t\t\t\t\t\t\t\t\t\t\t\t<img loading=\"lazy\" decoding=\"async\" width=\"1024\" height=\"768\" src=\"https:\/\/saharasun.store\/wp-content\/uploads\/2023\/12\/IMG_3732-1024x768.jpg\" class=\"attachment-large size-large wp-image-1824\" alt=\"\" srcset=\"https:\/\/saharasun.store\/wp-content\/uploads\/2023\/12\/IMG_3732-1024x768.jpg 1024w, https:\/\/saharasun.store\/wp-content\/uploads\/2023\/12\/IMG_3732-300x225.jpg 300w, https:\/\/saharasun.store\/wp-content\/uploads\/2023\/12\/IMG_3732-768x576.jpg 768w, https:\/\/saharasun.store\/wp-content\/uploads\/2023\/12\/IMG_3732-1536x1152.jpg 1536w, https:\/\/saharasun.store\/wp-content\/uploads\/2023\/12\/IMG_3732-2048x1536.jpg 2048w\" sizes=\"(max-width: 1024px) 100vw, 1024px\" \/>\t\t\t\t\t\t\t\t\t\t\t\t\t\t\t<\/div>\n\t\t\t\t<\/div>\n\t\t\t\t\t<\/div>\n\t\t<\/div>\n\t\t\t\t\t<\/div>\n\t\t<\/section>\n\t\t\t\t<section class=\"elementor-section elementor-top-section elementor-element elementor-element-be8b1b9 elementor-section-content-middle elementor-section-boxed elementor-section-height-default elementor-section-height-default\" data-id=\"be8b1b9\" data-element_type=\"section\" id=\"Contact\" data-settings=\"{&quot;background_background&quot;:&quot;classic&quot;}\">\n\t\t\t\t\t\t\t<div class=\"elementor-background-overlay\"><\/div>\n\t\t\t\t\t\t\t<div class=\"elementor-container elementor-column-gap-default\">\n\t\t\t\t\t<div class=\"elementor-column elementor-col-100 elementor-top-column elementor-element elementor-element-a45eb33\" data-id=\"a45eb33\" data-element_type=\"column\">\n\t\t\t<div class=\"elementor-widget-wrap elementor-element-populated\">\n\t\t\t\t\t\t<div class=\"elementor-element elementor-element-ed4759e elementor-widget elementor-widget-heading\" data-id=\"ed4759e\" data-element_type=\"widget\" data-widget_type=\"heading.default\">\n\t\t\t\t<div class=\"elementor-widget-container\">\n\t\t\t\t\t<h2 class=\"elementor-heading-title elementor-size-xxl\">SPRICH uns an<\/h2>\t\t\t\t<\/div>\n\t\t\t\t<\/div>\n\t\t\t\t<div class=\"elementor-element elementor-element-eb7aaa5 elementor-widget elementor-widget-spacer\" data-id=\"eb7aaa5\" data-element_type=\"widget\" data-widget_type=\"spacer.default\">\n\t\t\t\t<div class=\"elementor-widget-container\">\n\t\t\t\t\t\t\t<div class=\"elementor-spacer\">\n\t\t\t<div class=\"elementor-spacer-inner\"><\/div>\n\t\t<\/div>\n\t\t\t\t\t\t<\/div>\n\t\t\t\t<\/div>\n\t\t\t\t<div class=\"elementor-element elementor-element-54c0f54 elementor-align-center elementor-widget elementor-widget-button\" data-id=\"54c0f54\" data-element_type=\"widget\" data-widget_type=\"button.default\">\n\t\t\t\t<div class=\"elementor-widget-container\">\n\t\t\t\t\t\t\t\t\t<div class=\"elementor-button-wrapper\">\n\t\t\t\t\t<a class=\"elementor-button elementor-button-link elementor-size-sm\" href=\"https:\/\/saharasun.store\/#Kontakt\">\n\t\t\t\t\t\t<span class=\"elementor-button-content-wrapper\">\n\t\t\t\t\t\t\t\t\t<span class=\"elementor-button-text\">Kontakt<\/span>\n\t\t\t\t\t<\/span>\n\t\t\t\t\t<\/a>\n\t\t\t\t<\/div>\n\t\t\t\t\t\t\t\t<\/div>\n\t\t\t\t<\/div>\n\t\t\t\t\t<\/div>\n\t\t<\/div>\n\t\t\t\t\t<\/div>\n\t\t<\/section>\n\t\t<div class=\"elementor-element elementor-element-edf6fb3 e-flex e-con-boxed e-con e-parent\" data-id=\"edf6fb3\" data-element_type=\"container\">\n\t\t\t\t\t<div class=\"e-con-inner\">\n\t\t\t\t<div class=\"elementor-element elementor-element-675e0d4 elementor-widget elementor-widget-image\" data-id=\"675e0d4\" data-element_type=\"widget\" data-widget_type=\"image.default\">\n\t\t\t\t<div class=\"elementor-widget-container\">\n\t\t\t\t\t\t\t\t\t\t\t\t\t\t\t<img loading=\"lazy\" decoding=\"async\" width=\"250\" height=\"139\" src=\"https:\/\/saharasun.store\/wp-content\/uploads\/2024\/01\/site-icon.png\" class=\"attachment-large size-large wp-image-1850\" alt=\"\" \/>\t\t\t\t\t\t\t\t\t\t\t\t\t\t\t<\/div>\n\t\t\t\t<\/div>\n\t\t\t\t\t<\/div>\n\t\t\t\t<\/div>\n\t\t<div class=\"elementor-element elementor-element-4d4a595 e-flex e-con-boxed e-con e-parent\" data-id=\"4d4a595\" data-element_type=\"container\" id=\"Kontakt\">\n\t\t\t\t\t<div class=\"e-con-inner\">\n\t\t<div class=\"elementor-element elementor-element-1268d0e e-flex e-con-boxed e-con e-child\" data-id=\"1268d0e\" data-element_type=\"container\">\n\t\t\t\t\t<div class=\"e-con-inner\">\n\t\t\t\t<div class=\"elementor-element elementor-element-7ab1991 elementor-widget elementor-widget-heading\" data-id=\"7ab1991\" data-element_type=\"widget\" data-widget_type=\"heading.default\">\n\t\t\t\t<div class=\"elementor-widget-container\">\n\t\t\t\t\t<h2 class=\"elementor-heading-title elementor-size-default\">KONTAKT<\/h2>\t\t\t\t<\/div>\n\t\t\t\t<\/div>\n\t\t\t\t<div class=\"elementor-element elementor-element-a3e4cbb elementor-widget elementor-widget-text-editor\" data-id=\"a3e4cbb\" data-element_type=\"widget\" data-widget_type=\"text-editor.default\">\n\t\t\t\t<div class=\"elementor-widget-container\">\n\t\t\t\t\t\t\t\t\t<p><\/p>\n<p><span style=\"background-color: var(--ast-global-color-5); color: var(--ast-global-color-3); font-style: inherit; font-weight: inherit; text-align: var(--text-align);\">Cathrin Schriever \/ Hannah Werner<\/span><\/p>\n<p><\/p>\n<p>Saharasun LTD<\/p>\n<p>No. 1 Onyasia Lane<br>Romain Ridge, Accra&nbsp;<br>Ghana<\/p><p><br><\/p>\n<p><\/p>\n<p>Email: info@saharasun.store&nbsp;<\/p>\n<p>Phone: 00233556215998<\/p>\n<p><\/p>\t\t\t\t\t\t\t\t<\/div>\n\t\t\t\t<\/div>\n\t\t\t\t\t<\/div>\n\t\t\t\t<\/div>\n\t\t\t\t\t<\/div>\n\t\t\t\t<\/div>\n\t\t\t\t<\/div>\n\t\t","protected":false},"excerpt":{"rendered":"<p>Saharasun nat\u00dcrliche Neem Produkte Produkte UNSERE PRODUKTE Neem\u00f6l Kaltgepresstes Neem\u00f6l aus unserer \u00d6lwerk Pressung. Neemsaat Unsere Neemsaat stammt aus einer Wildsammlung. Neempulver Pulver mit leichtem Schrotanteil aus dem ent\u00f6lten Neemsamen.\u00a0 Unsere Neem Saat stammt aus einer Wildsammlung im Nordwesten Ghanas.&nbsp;Dort arbeiten wir gemeinsam mit einer Frauen Kooperative.&nbsp; Die Saat unterliegt regelm\u00e4\u00dfig kontrollierten Qualit\u00e4tskriterien wie minimalem &hellip;<\/p>\n<p class=\"read-more\"> <a class=\"\" href=\"https:\/\/saharasun.store\/de\/\"> <span class=\"screen-reader-text\">Home<\/span> Weiterlesen &raquo;<\/a><\/p>\n","protected":false},"author":1,"featured_media":0,"parent":0,"menu_order":0,"comment_status":"closed","ping_status":"closed","template":"","meta":{"site-sidebar-layout":"no-sidebar","site-content-layout":"page-builder","ast-site-content-layout":"full-width-container","site-content-style":"unboxed","site-sidebar-style":"unboxed","ast-global-header-display":"","ast-banner-title-visibility":"","ast-main-header-display":"","ast-hfb-above-header-display":"","ast-hfb-below-header-display":"","ast-hfb-mobile-header-display":"","site-post-title":"disabled","ast-breadcrumbs-content":"","ast-featured-img":"disabled","footer-sml-layout":"","theme-transparent-header-meta":"enabled","adv-header-id-meta":"","stick-header-meta":"","header-above-stick-meta":"","header-main-stick-meta":"","header-below-stick-meta":"","astra-migrate-meta-layouts":"set","ast-page-background-enabled":"default","ast-page-background-meta":{"desktop":{"background-color":"var(--ast-global-color-4)","background-image":"","background-repeat":"repeat","background-position":"center center","background-size":"auto","background-attachment":"scroll","background-type":"","background-media":"","overlay-type":"","overlay-color":"","overlay-gradient":""},"tablet":{"background-color":"","background-image":"","background-repeat":"repeat","background-position":"center center","background-size":"auto","background-attachment":"scroll","background-type":"","background-media":"","overlay-type":"","overlay-color":"","overlay-gradient":""},"mobile":{"background-color":"","background-image":"","background-repeat":"repeat","background-position":"center center","background-size":"auto","background-attachment":"scroll","background-type":"","background-media":"","overlay-type":"","overlay-color":"","overlay-gradient":""}},"ast-content-background-meta":{"desktop":{"background-color":"var(--ast-global-color-5)","background-image":"","background-repeat":"repeat","background-position":"center center","background-size":"auto","background-attachment":"scroll","background-type":"","background-media":"","overlay-type":"","overlay-color":"","overlay-gradient":""},"tablet":{"background-color":"var(--ast-global-color-5)","background-image":"","background-repeat":"repeat","background-position":"center center","background-size":"auto","background-attachment":"scroll","background-type":"","background-media":"","overlay-type":"","overlay-color":"","overlay-gradient":""},"mobile":{"background-color":"var(--ast-global-color-5)","background-image":"","background-repeat":"repeat","background-position":"center center","background-size":"auto","background-attachment":"scroll","background-type":"","background-media":"","overlay-type":"","overlay-color":"","overlay-gradient":""}},"footnotes":""},"class_list":["post-1448","page","type-page","status-publish","hentry"],"_links":{"self":[{"href":"https:\/\/saharasun.store\/de\/wp-json\/wp\/v2\/pages\/1448","targetHints":{"allow":["GET"]}}],"collection":[{"href":"https:\/\/saharasun.store\/de\/wp-json\/wp\/v2\/pages"}],"about":[{"href":"https:\/\/saharasun.store\/de\/wp-json\/wp\/v2\/types\/page"}],"author":[{"embeddable":true,"href":"https:\/\/saharasun.store\/de\/wp-json\/wp\/v2\/users\/1"}],"replies":[{"embeddable":true,"href":"https:\/\/saharasun.store\/de\/wp-json\/wp\/v2\/comments?post=1448"}],"version-history":[{"count":20,"href":"https:\/\/saharasun.store\/de\/wp-json\/wp\/v2\/pages\/1448\/revisions"}],"predecessor-version":[{"id":2052,"href":"https:\/\/saharasun.store\/de\/wp-json\/wp\/v2\/pages\/1448\/revisions\/2052"}],"wp:attachment":[{"href":"https:\/\/saharasun.store\/de\/wp-json\/wp\/v2\/media?parent=1448"}],"curies":[{"name":"wp","href":"https:\/\/api.w.org\/{rel}","templated":true}]}}